{"id":2649,"date":"2025-03-03T16:57:21","date_gmt":"2025-03-03T16:57:21","guid":{"rendered":"https:\/\/www.formation4you.com\/dichiarazione-sulla-protezione-dei-dati\/"},"modified":"2025-06-09T06:43:05","modified_gmt":"2025-06-09T06:43:05","slug":"dichiarazione-sulla-protezione-dei-dati","status":"publish","type":"page","link":"https:\/\/www.formation4you.com\/it\/dichiarazione-sulla-protezione-dei-dati\/","title":{"rendered":"Pretezione dei dati"},"content":{"rendered":"<p>[et_pb_section fb_built=&#8221;1&#8243; _builder_version=&#8221;4.27.4&#8243; _module_preset=&#8221;default&#8221; global_colors_info=&#8221;{}&#8221;][et_pb_row _builder_version=&#8221;4.27.4&#8243; _module_preset=&#8221;default&#8221; global_colors_info=&#8221;{}&#8221;][et_pb_column type=&#8221;4_4&#8243; _builder_version=&#8221;4.27.4&#8243; _module_preset=&#8221;default&#8221; global_colors_info=&#8221;{}&#8221;][et_pb_text _builder_version=&#8221;4.27.4&#8243; text_font=&#8221;||||||||&#8221; header_font=&#8221;||||||||&#8221; header_2_font=&#8221;|600|||||||&#8221; header_2_font_size=&#8221;33px&#8221; header_2_line_height=&#8221;1.2em&#8221; module_alignment=&#8221;center&#8221; custom_margin=&#8221;|||&#8221; custom_padding=&#8221;|||&#8221; header_2_font_size_tablet=&#8221;&#8221; header_2_font_size_phone=&#8221;24px&#8221; header_2_font_size_last_edited=&#8221;on|phone&#8221; locked=&#8221;off&#8221; global_colors_info=&#8221;{}&#8221;]<\/p>\n<h2>DICHIARAZIONE SULLA PROTEZIONE DEI DATI<\/h2>\n<p>[\/et_pb_text][\/et_pb_column][\/et_pb_row][et_pb_row _builder_version=&#8221;4.27.4&#8243; _module_preset=&#8221;default&#8221; global_colors_info=&#8221;{}&#8221;][et_pb_column type=&#8221;4_4&#8243; _builder_version=&#8221;4.27.4&#8243; _module_preset=&#8221;default&#8221; global_colors_info=&#8221;{}&#8221;][et_pb_text _builder_version=&#8221;4.27.4&#8243; text_font=&#8221;||||||||&#8221; custom_padding=&#8221;|||&#8221; custom_padding_tablet=&#8221;|40px||40px||true&#8221; custom_padding_last_edited=&#8221;off|desktop&#8221; hover_enabled=&#8221;0&#8243; global_colors_info=&#8221;{}&#8221; sticky_enabled=&#8221;0&#8243;]<\/p>\n<p>La protezione dei dati personali ci sta a cuore e nello svolgere le nostre prestazioni di servizio trattiamo i dati sensibili con riferimento alle singole persone nel massimo rdelle disposizioni delle leggi vigenti (RGPD, regolamento federale svizzero sulla protezione dati e TKG 2003, legge federale svizzera sulle telecomunicazioni). La dichiarazsegue si propone di sintetizzare gli aspetti pi\u00f9 importanti con riguardo all\u2019elaborazione dei dati personali all\u2019interno del nostro sito web.  <\/p>\n<h4>Responsabile del trattamento dei dati personali<\/h4>\n<p>La definizione di \u201adato personale o sensibile\u2018 viene fornita dallo stesso regolamento federale svizzero e si riferisce a qualsiasi informazione quantitativa o qualitativa riguauna persona fisica identificata o identificabile (\u2018interessato\u2019); ricadono in questa tipologia di informazioni anche i dati relativi, per esempio, al nome e cognome, all\u2019indirizznumero di telefono e alla data di nascita dell\u2019interessato.<br \/>Responsabile per il trattamento dei dati sensibili dell\u2019utente con riferimento a questo sito in Svizzera \u00e8 la societ\u00e0 a responsabilit\u00e0 limitata Formation4You GmbH, DorfstraCH-8309 N\u00fcrensdorf, mentre in Austria \u00e8 la societ\u00e0 in accomandita Formation4You KG, Wiener Strasse 12\/4, AT-3002 Purkersdorf.  <\/p>\n<h4>Raccolta e conservazione dei dati personali<\/h4>\n<p>I dati indicati dall\u2019utente nella compilazione dei moduli del sito web o forniti attraverso un\u2019email di contatto vengono memorizzati nel nostro sistema di posta elettronica ascopo di elaborare la richiesta inviata o di rispondere alle eventuali domande. Se il collegamento \u00e8 stabilito compilando i moduli del sito i messaggi vengono criptatiautomaticamente dalla tecnologia SSL in modo da minimizzare il rischio di intercettazione non autorizzata dei dati personali da parte di terzi. <\/p>\n<p>L\u2019utente ha il diritto di richiedere informazioni sul tipo e sulla portata dei dati personali memorizzati nel sistema inviando un messaggio corredato della copia di un suo dod\u2019identit\u00e0 al seguente indirizzo: <span> <\/span><a href=\"mailto:office@formation4you.com\" target=\"_blank\" rel=\"noopener noreferrer\">office@formation4you.com<\/a>.<\/p>\n<p>L\u2019utente ha il diritto di pretendere la cancellazione dei dati personali memorizzati alla quale si provveder\u00e0 entro un mese dalla data della richiesta, purch\u00e9 non vi siano ragiimportanti o legali che lo impediscano e a condizione che la cancellazione non comporti un onere economico per noi irragionevole. La richiesta di cancellazione va inviatinsieme con una fotocopia del proprio documento di identit\u00e0 all\u2019indirizzo: <span> <\/span><a href=\"mailto:office@formation4you.com\">office@formation4you.com<\/a>.<\/p>\n<p>Se si ritiene che il trattamento dei dati sensibili contravvenga alle disposizioni di legge relative alla protezione dei dati o che siano stati lesi in qualsivoglia modo alcuni dirriguardanti la salvaguardia dei dati personali \u00e8 possibile fare ricorso all\u2019autorit\u00e0 di controllo competente che in Svizzera \u00e8 l\u2019Ufficio Federale Dati (Bundesdatenamt), mentreAustria \u00e8 il Garante per la Protezione Dati (Datenschutzbeh\u00f6rde). <\/p>\n<h4>Cookies<\/h4>\n<p>Il nostro sito web utilizza i cosiddetti cookies, piccoli file di informazioni che, grazie ai browser, vengono installati nel computer dell\u2019utente durante la navigazione in modoterminale possa essere riconosciuto. I cookies sono completamente innocui e noi li utilizziamo per migliorare il nostro servizio semplificando e rendendo pi\u00f9 accessibili lprestazioni online.     <\/p>\n<p>Alcuni cookies rimangono archiviati nel computer per varie sessioni e vengono cancellati solo quando raggiungono la data di scadenza o quando vengono manualmente dall\u2019utente. Questi cookies ci permettono di riconoscere il browser dell\u2019utente a una seconda o ulteriore visita del nostro sito. Se l\u2019utente non desiderasse ricevere cookiesimpostare il proprio browser in modo tale da essere di volta in volta informato dell\u2019invio di cookies e da potere ogni volta dare o meno la propria autorizzazione al loro utildisattivazione dei cookies pu\u00f2 compromettere o limitare la funzionalit\u00e0 del nostro sito web. <\/p>\n<p>La liceit\u00e0 del trattamento dei dati inviati dai cookies \u00e8 regolata e spiegata all\u2019idel capitolo 2, articolo 6 dell\u2019RGPD.<\/p>\n<h4>Youtube<\/h4>\n<p>Sul nostro sito web sono implementati anche alcuni video di YouTube (YouTube, LLC, 901 Cherry Ave., San Bruno, CA 94066, USA) che appena vengono richiamati installacookies sul terminale dell\u2019utente. Se l\u2019accesso ai video viene effettuato dall\u2019account YouTube dell\u2018utente, YouTube pu\u00f2 inviare i propri cookies direttamente sul terminaledell\u2019utente. Per impedirlo occorre scollegarsi dal proprio account YouTube oppure bloccare i cookies all\u2019interno del browser. Noi non siamo in grado di valutare il contenutmomento di invio di tali cookies da parte di YouTube sul terminale dell\u2019utente, n\u00e9 di conoscere l\u2019utilizzo da parte di YouTube dei dati raccolti loro tramite. I video     <\/p>\n<p>Die Youtube-Datenschutzerkl\u00e4rung finden Sie hier:<span> <\/span><a href=\"https:\/\/www.youtube.com\/static?gl=DE&amp;template=terms&amp;hl=de\" target=\"_blank\" rel=\"noopener noreferrer\">https:\/\/www.youtube.com\/static?gl=DE&amp;template=terms&amp;hl=de<\/a><\/p>\n<h4>Plugin social media<\/h4>\n<p><strong>Facebook<\/strong><\/p>\n<p>Il nostro sito utilizza plugin sociali (&#8220;plugin&#8221;) del network facebook.com, gestito da Facebook Inc., 1601 S. California Ave, Palo Alto, CA 94304, USA (&#8220;Facebook&#8221;). I plugin sono identificabili tramite uno dei logo Facebook, dai termini &#8220;Mi piace&#8221; o da un simbolo &#8220;pollice in su&#8221;, oppure dalla dicitura &#8220;Facebook Social Plugin&#8221;. L&#8217;elenco e l&#8217;aspetto dei plugin sociali di Facebook sono consultabili qui:<span> <\/span><a href=\"https:\/\/developers.facebook.com\/docs\/plugins\/\" target=\"_blank\" rel=\"noopener noreferrer\">https:\/\/developers.facebook.com\/docs\/plugins\/<\/a>.<\/p>\n<p>uando un utente visita una pagina del nostro sito contenente tale plugin, il browser stabilisce una connessione diretta con i server di Facebook. Il contenuto del plugin viene trasmesso da Facebook direttamente al browser dell\u2019utente e integrato nella pagina web. Di conseguenza, il gestore del sito non ha alcun controllo sull\u2019entit\u00e0 dei dati raccolti da Facebook tramite questo plugin e informa gli utenti in base alla propria conoscenza.  <\/p>\n<p>L\u2019integrazione dei plugin permette a Facebook di ricevere la notifica che l\u2019utente ha visitato la pagina corrispondente del nostro sito. Se l\u2019utente ha effettuato l\u2019accesso a Facebook, la piattaforma pu\u00f2 associare la visita al proprio account. In caso di interazione con i plugin (es. clic sul pulsante &#8220;Mi piace&#8221; o commento), il browser trasmette direttamente i dati a Facebook, dove vengono memorizzati. Anche per utenti non iscritti a Facebook, la piattaforma pu\u00f2 rilevare e archiviare il loro indirizzo IP.   <\/p>\n<p>Finalit\u00e0 ed entit\u00e0 della raccolta dati, nonch\u00e9 l&#8217;ulteriore elaborazione e utilizzo degli stessi da parte di Facebook, insieme ai relativi diritti degli utenti e alle opzioni di configurazione per la protezione della privacy, sono consultabili nell&#8217;informativa sulla privacy di Facebook:<span> <\/span><a href=\"https:\/\/www.facebook.com\/about\/privacy\/\" target=\"_blank\" rel=\"noopener noreferrer\">https:\/\/www.facebook.com\/about\/privacy\/<\/a>.<\/p>\n<p>Gli utenti iscritti a Facebook che non desiderano la raccolta o l\u2019associazione dei propri dati Facebook durante la visita a questo sito, devono effettuare il logout dal proprio account prima di accedere alla nostra piattaforma.<\/p>\n<p><strong>LinkedIn<\/strong><\/p>\n<p>Utilizziamo componenti della rete LinkedIn sul nostro sito. LinkedIn \u00e8 un servizio di LinkedIn Corporation, 2029 Stierlin Court, Mountain View, CA 94043, USA. Ogni volta che viene richiesta una pagina del nostro sito contenente tale componente, il suo browser scaricher\u00e0 una versione corrispondente della componente da LinkedIn.  <\/p>\n<p>Questo processo comunica a LinkedIn quali pagine specifiche del nostro sito vengono visitate. Se clicchi il pulsante &#8216;Consiglia&#8217; di LinkedIn mentre hai effettuato l&#8217;accesso al tuo account, puoi collegare i contenuti delle nostre pagine al tuo profilo LinkedIn. In tal modo, LinkedIn pu\u00f2 associare la visita delle nostre pagine al tuo account utente.  <\/p>\n<p>Non abbiamo alcun controllo sui dati raccolti da LinkedIn tramite questo strumento, n\u00e9 sull\u2019entit\u00e0 dei dati acquisiti. Non siamo inoltre a conoscenza del contenuto esatto dei dati trasmessi a LinkedIn. Per dettagli sulla raccolta dati effettuata da LinkedIn, i vostri diritti e le opzioni di configurazione, consultate l\u2019informativa sulla privacy di LinkedIn:  <span> <\/span><span>unter <\/span><a href=\"http:\/\/www.linkedin.com\/legal\/privacy-policy\/\" target=\"_blank\" rel=\"noopener noreferrer\">http:\/\/www.linkedin.com\/legal\/privacy-policy\/<\/a><span> <\/span>.<\/p>\n<p><strong>XING<\/strong><\/p>\n<p>Il nostro sito include un pulsante di collegamento alla rete XING.com, servizio di XING AG, Dammtorstra\u00dfe 29-32, 20354 Hamburg, Germania. Cliccando questo link, il browser aprir\u00e0 il profilo XING del gestore di questo sito in una nuova finestra o scheda. L\u2019accesso al profilo \u00e8 riservato ai soli membri XING con account attivo.   <strong><span>Utilizzando o visitando questo servizio, <\/span><\/strong><strong><span>&#8220;Utilizzando o visitando questo servizio, accetti la raccolta automatica dei tuoi dati tramite diverse tecnologie di tracciamento. Per dettagli sulle modalit\u00e0 di raccolta dati da parte di XING, i tuoi diritti e le opzioni di configurazione, consulta l&#8217;informativa sulla privacy di XING disponibile all&#8217;indirizzo: <a href=\"https:\/\/privacy.xing.com\/de\/datenschutzerklaerung\/\" target=\"_blank\" rel=\"noopener noreferrer\">https:\/\/privacy.xing.com\/it\/privacy-policy<\/a>.   <\/span><\/strong><\/p>\n<h4>Webhosting<\/h4>\n<p>Il nostro provider di hosting registra dati per ogni accesso al sito nei cosiddetti file di log del server. Questi includono: nome del sito web, notifica di accesso, tipo di browser, sistema operativo, URL di provenienza (sito visitato in precedenza), indirizzo IP e provider della richiesta. Tali dati sono raccolti esclusivamente per fini statistici e per ottimizzare la sicurezza del sistema di hosting.  <\/p>\n<p>[\/et_pb_text][\/et_pb_column][\/et_pb_row][\/et_pb_section][et_pb_section fb_built=&#8221;1&#8243; prev_background_color=&#8221;#ffffff&#8221; _builder_version=&#8221;4.27.4&#8243; _module_preset=&#8221;default&#8221; background_color=&#8221;#055099&#8243; custom_padding=&#8221;10px||10px||true|false&#8221; top_divider_style=&#8221;wave2&#8243; top_divider_height=&#8221;65px&#8221; box_shadow_style=&#8221;preset7&#8243; box_shadow_horizontal=&#8221;0px&#8221; box_shadow_vertical=&#8221;18px&#8221; box_shadow_color=&#8221;rgba(19,167,157,0.89)&#8221; global_module=&#8221;676&#8243; saved_tabs=&#8221;all&#8221; global_colors_info=&#8221;{}&#8221;][et_pb_row _builder_version=&#8221;4.27.4&#8243; background_enable_color=&#8221;off&#8221; custom_margin=&#8221;|||&#8221; custom_padding=&#8221;0px||0px||true&#8221; animation_style=&#8221;slide&#8221; animation_direction=&#8221;top&#8221; animation_intensity_slide=&#8221;10%&#8221; global_colors_info=&#8221;{}&#8221;][et_pb_column type=&#8221;4_4&#8243; _builder_version=&#8221;4.16&#8243; custom_padding=&#8221;|||&#8221; global_colors_info=&#8221;{}&#8221; custom_padding__hover=&#8221;|||&#8221;][et_pb_social_media_follow _builder_version=&#8221;4.27.4&#8243; text_orientation=&#8221;center&#8221; custom_padding=&#8221;50px||0px||false|false&#8221; locked=&#8221;off&#8221; global_colors_info=&#8221;{}&#8221;][et_pb_social_media_follow_network social_network=&#8221;facebook&#8221; use_icon_font_size=&#8221;on&#8221; icon_font_size=&#8221;24px&#8221; _builder_version=&#8221;4.27.4&#8243; custom_padding=&#8221;|10px||10px||true&#8221; global_colors_info=&#8221;{}&#8221; follow_button=&#8221;off&#8221; url_new_window=&#8221;on&#8221;]facebook[\/et_pb_social_media_follow_network][et_pb_social_media_follow_network social_network=&#8221;linkedin&#8221; use_icon_font_size=&#8221;on&#8221; icon_font_size=&#8221;24px&#8221; _builder_version=&#8221;4.27.4&#8243; custom_padding=&#8221;|10px||10px||true&#8221; global_colors_info=&#8221;{}&#8221; follow_button=&#8221;off&#8221; url_new_window=&#8221;on&#8221;]linkedin[\/et_pb_social_media_follow_network][\/et_pb_social_media_follow][\/et_pb_column][\/et_pb_row][\/et_pb_section]<\/p>\n","protected":false},"excerpt":{"rendered":"<p>DICHIARAZIONE SULLA PROTEZIONE DEI DATILa protezione dei dati personali ci sta a cuore e nello svolgere le nostre prestazioni di servizio trattiamo i dati sensibili con riferimento alle singole persone nel massimo rdelle disposizioni delle leggi vigenti (RGPD, regolamento federale svizzero sulla protezione dati e TKG 2003, legge federale svizzera sulle telecomunicazioni). La dichiarazsegue si [&hellip;]<\/p>\n","protected":false},"author":2,"featured_media":0,"parent":0,"menu_order":0,"comment_status":"closed","ping_status":"closed","template":"","meta":{"_acf_changed":false,"_et_pb_use_builder":"on","_et_pb_old_content":"","_et_gb_content_width":"","footnotes":""},"class_list":["post-2649","page","type-page","status-publish","hentry"],"acf":[],"yoast_head":"<!-- This site is optimized with the Yoast SEO plugin v27.2 - https:\/\/yoast.com\/product\/yoast-seo-wordpress\/ -->\n<title>Pretezione dei dati - Formation4you<\/title>\n<meta name=\"robots\" content=\"index, follow, max-snippet:-1, max-image-preview:large, max-video-preview:-1\" \/>\n<link rel=\"canonical\" href=\"https:\/\/www.formation4you.com\/it\/dichiarazione-sulla-protezione-dei-dati\/\" \/>\n<meta property=\"og:locale\" content=\"it_IT\" \/>\n<meta property=\"og:type\" content=\"article\" \/>\n<meta property=\"og:title\" content=\"Pretezione dei dati - Formation4you\" \/>\n<meta property=\"og:description\" content=\"DICHIARAZIONE SULLA PROTEZIONE DEI DATILa protezione dei dati personali ci sta a cuore e nello svolgere le nostre prestazioni di servizio trattiamo i dati sensibili con riferimento alle singole persone nel massimo rdelle disposizioni delle leggi vigenti (RGPD, regolamento federale svizzero sulla protezione dati e TKG 2003, legge federale svizzera sulle telecomunicazioni). La dichiarazsegue si [&hellip;]\" \/>\n<meta property=\"og:url\" content=\"https:\/\/www.formation4you.com\/it\/dichiarazione-sulla-protezione-dei-dati\/\" \/>\n<meta property=\"og:site_name\" content=\"Formation4you\" \/>\n<meta property=\"article:modified_time\" content=\"2025-06-09T06:43:05+00:00\" \/>\n<meta name=\"twitter:card\" content=\"summary_large_image\" \/>\n<meta name=\"twitter:label1\" content=\"Tempo di lettura stimato\" \/>\n\t<meta name=\"twitter:data1\" content=\"9 minuti\" \/>\n<script type=\"application\/ld+json\" class=\"yoast-schema-graph\">{\"@context\":\"https:\/\/schema.org\",\"@graph\":[{\"@type\":\"WebPage\",\"@id\":\"https:\/\/www.formation4you.com\/it\/dichiarazione-sulla-protezione-dei-dati\/\",\"url\":\"https:\/\/www.formation4you.com\/it\/dichiarazione-sulla-protezione-dei-dati\/\",\"name\":\"Pretezione dei dati - Formation4you\",\"isPartOf\":{\"@id\":\"https:\/\/www.formation4you.com\/it\/#website\"},\"datePublished\":\"2025-03-03T16:57:21+00:00\",\"dateModified\":\"2025-06-09T06:43:05+00:00\",\"breadcrumb\":{\"@id\":\"https:\/\/www.formation4you.com\/it\/dichiarazione-sulla-protezione-dei-dati\/#breadcrumb\"},\"inLanguage\":\"it-IT\",\"potentialAction\":[{\"@type\":\"ReadAction\",\"target\":[\"https:\/\/www.formation4you.com\/it\/dichiarazione-sulla-protezione-dei-dati\/\"]}]},{\"@type\":\"BreadcrumbList\",\"@id\":\"https:\/\/www.formation4you.com\/it\/dichiarazione-sulla-protezione-dei-dati\/#breadcrumb\",\"itemListElement\":[{\"@type\":\"ListItem\",\"position\":1,\"name\":\"Startseite\",\"item\":\"https:\/\/www.formation4you.com\/it\/\"},{\"@type\":\"ListItem\",\"position\":2,\"name\":\"Pretezione dei dati\"}]},{\"@type\":\"WebSite\",\"@id\":\"https:\/\/www.formation4you.com\/it\/#website\",\"url\":\"https:\/\/www.formation4you.com\/it\/\",\"name\":\"Formation4you\",\"description\":\"rofitieren Sie  von unserem Beratungs- und Weiterbildungs-Angebot\",\"potentialAction\":[{\"@type\":\"SearchAction\",\"target\":{\"@type\":\"EntryPoint\",\"urlTemplate\":\"https:\/\/www.formation4you.com\/it\/?s={search_term_string}\"},\"query-input\":{\"@type\":\"PropertyValueSpecification\",\"valueRequired\":true,\"valueName\":\"search_term_string\"}}],\"inLanguage\":\"it-IT\"}]}<\/script>\n<!-- \/ Yoast SEO plugin. -->","yoast_head_json":{"title":"Pretezione dei dati - Formation4you","robots":{"index":"index","follow":"follow","max-snippet":"max-snippet:-1","max-image-preview":"max-image-preview:large","max-video-preview":"max-video-preview:-1"},"canonical":"https:\/\/www.formation4you.com\/it\/dichiarazione-sulla-protezione-dei-dati\/","og_locale":"it_IT","og_type":"article","og_title":"Pretezione dei dati - Formation4you","og_description":"DICHIARAZIONE SULLA PROTEZIONE DEI DATILa protezione dei dati personali ci sta a cuore e nello svolgere le nostre prestazioni di servizio trattiamo i dati sensibili con riferimento alle singole persone nel massimo rdelle disposizioni delle leggi vigenti (RGPD, regolamento federale svizzero sulla protezione dati e TKG 2003, legge federale svizzera sulle telecomunicazioni). La dichiarazsegue si [&hellip;]","og_url":"https:\/\/www.formation4you.com\/it\/dichiarazione-sulla-protezione-dei-dati\/","og_site_name":"Formation4you","article_modified_time":"2025-06-09T06:43:05+00:00","twitter_card":"summary_large_image","twitter_misc":{"Tempo di lettura stimato":"9 minuti"},"schema":{"@context":"https:\/\/schema.org","@graph":[{"@type":"WebPage","@id":"https:\/\/www.formation4you.com\/it\/dichiarazione-sulla-protezione-dei-dati\/","url":"https:\/\/www.formation4you.com\/it\/dichiarazione-sulla-protezione-dei-dati\/","name":"Pretezione dei dati - Formation4you","isPartOf":{"@id":"https:\/\/www.formation4you.com\/it\/#website"},"datePublished":"2025-03-03T16:57:21+00:00","dateModified":"2025-06-09T06:43:05+00:00","breadcrumb":{"@id":"https:\/\/www.formation4you.com\/it\/dichiarazione-sulla-protezione-dei-dati\/#breadcrumb"},"inLanguage":"it-IT","potentialAction":[{"@type":"ReadAction","target":["https:\/\/www.formation4you.com\/it\/dichiarazione-sulla-protezione-dei-dati\/"]}]},{"@type":"BreadcrumbList","@id":"https:\/\/www.formation4you.com\/it\/dichiarazione-sulla-protezione-dei-dati\/#breadcrumb","itemListElement":[{"@type":"ListItem","position":1,"name":"Startseite","item":"https:\/\/www.formation4you.com\/it\/"},{"@type":"ListItem","position":2,"name":"Pretezione dei dati"}]},{"@type":"WebSite","@id":"https:\/\/www.formation4you.com\/it\/#website","url":"https:\/\/www.formation4you.com\/it\/","name":"Formation4you","description":"rofitieren Sie  von unserem Beratungs- und Weiterbildungs-Angebot","potentialAction":[{"@type":"SearchAction","target":{"@type":"EntryPoint","urlTemplate":"https:\/\/www.formation4you.com\/it\/?s={search_term_string}"},"query-input":{"@type":"PropertyValueSpecification","valueRequired":true,"valueName":"search_term_string"}}],"inLanguage":"it-IT"}]}},"_links":{"self":[{"href":"https:\/\/www.formation4you.com\/it\/wp-json\/wp\/v2\/pages\/2649","targetHints":{"allow":["GET"]}}],"collection":[{"href":"https:\/\/www.formation4you.com\/it\/wp-json\/wp\/v2\/pages"}],"about":[{"href":"https:\/\/www.formation4you.com\/it\/wp-json\/wp\/v2\/types\/page"}],"author":[{"embeddable":true,"href":"https:\/\/www.formation4you.com\/it\/wp-json\/wp\/v2\/users\/2"}],"replies":[{"embeddable":true,"href":"https:\/\/www.formation4you.com\/it\/wp-json\/wp\/v2\/comments?post=2649"}],"version-history":[{"count":5,"href":"https:\/\/www.formation4you.com\/it\/wp-json\/wp\/v2\/pages\/2649\/revisions"}],"predecessor-version":[{"id":2654,"href":"https:\/\/www.formation4you.com\/it\/wp-json\/wp\/v2\/pages\/2649\/revisions\/2654"}],"wp:attachment":[{"href":"https:\/\/www.formation4you.com\/it\/wp-json\/wp\/v2\/media?parent=2649"}],"curies":[{"name":"wp","href":"https:\/\/api.w.org\/{rel}","templated":true}]}}