{"id":2359,"date":"2025-03-03T16:57:21","date_gmt":"2025-03-03T16:57:21","guid":{"rendered":"https:\/\/www.formation4you.com\/politique-de-confidentialite\/"},"modified":"2025-05-30T03:24:52","modified_gmt":"2025-05-30T03:24:52","slug":"politique-de-confidentialite","status":"publish","type":"page","link":"https:\/\/www.formation4you.com\/fr\/politique-de-confidentialite\/","title":{"rendered":"Politique de confidentialit\u00e9"},"content":{"rendered":"<p>[et_pb_section fb_built=\u00a0\u00bb1&Prime; _builder_version=\u00a0\u00bb4.27.4&Prime; _module_preset=\u00a0\u00bbdefault\u00a0\u00bb global_colors_info=\u00a0\u00bb{}\u00a0\u00bb][et_pb_row _builder_version=\u00a0\u00bb4.27.4&Prime; _module_preset=\u00a0\u00bbdefault\u00a0\u00bb global_colors_info=\u00a0\u00bb{}\u00a0\u00bb][et_pb_column type=\u00a0\u00bb4_4&Prime; _builder_version=\u00a0\u00bb4.27.4&Prime; _module_preset=\u00a0\u00bbdefault\u00a0\u00bb global_colors_info=\u00a0\u00bb{}\u00a0\u00bb][et_pb_text _builder_version=\u00a0\u00bb4.27.4&Prime; text_font=\u00a0\u00bb||||||||\u00a0\u00bb header_font=\u00a0\u00bb||||||||\u00a0\u00bb header_2_font=\u00a0\u00bb|600|||||||\u00a0\u00bb header_2_font_size=\u00a0\u00bb33px\u00a0\u00bb header_2_line_height=\u00a0\u00bb1.2em\u00a0\u00bb module_alignment=\u00a0\u00bbcenter\u00a0\u00bb custom_margin=\u00a0\u00bb|||\u00a0\u00bb custom_padding=\u00a0\u00bb|||\u00a0\u00bb header_2_font_size_tablet=\u00a0\u00bb\u00a0\u00bb header_2_font_size_phone=\u00a0\u00bb24px\u00a0\u00bb header_2_font_size_last_edited=\u00a0\u00bbon|phone\u00a0\u00bb locked=\u00a0\u00bboff\u00a0\u00bb global_colors_info=\u00a0\u00bb{}\u00a0\u00bb]<\/p>\n<h2>Politique de confidentialit\u00e9<\/h2>\n<p>[\/et_pb_text][\/et_pb_column][\/et_pb_row][et_pb_row _builder_version=\u00a0\u00bb4.27.4&Prime; _module_preset=\u00a0\u00bbdefault\u00a0\u00bb global_colors_info=\u00a0\u00bb{}\u00a0\u00bb][et_pb_column type=\u00a0\u00bb4_4&Prime; _builder_version=\u00a0\u00bb4.27.4&Prime; _module_preset=\u00a0\u00bbdefault\u00a0\u00bb global_colors_info=\u00a0\u00bb{}\u00a0\u00bb][et_pb_text _builder_version=\u00a0\u00bb4.27.4&Prime; text_font=\u00a0\u00bb||||||||\u00a0\u00bb custom_padding=\u00a0\u00bb|||\u00a0\u00bb custom_padding_tablet=\u00a0\u00bb|40px||40px||true\u00a0\u00bb custom_padding_last_edited=\u00a0\u00bboff|desktop\u00a0\u00bb hover_enabled=\u00a0\u00bb0&Prime; global_colors_info=\u00a0\u00bb{}\u00a0\u00bb sticky_enabled=\u00a0\u00bb0&Prime;]<\/p>\n<p>La protection de vos donn\u00e9es personnelles nous tient particuli\u00e8rement \u00e0 c\u0153ur. Nous traitons donc vos donn\u00e9es exclusivement sur la base des dispositions l\u00e9gales (RGPD, TKG 2003). Dans cette information sur la protection des donn\u00e9es, nous vous informons sur les principaux aspects du traitement des donn\u00e9es dans le cadre de notre site web.  <\/p>\n<h4>Responsable du traitement de vos donn\u00e9es personnelles<\/h4>\n<p>Notion de donn\u00e9es personnelles :<br \/>Le terme \u00ab donn\u00e9es personnelles \u00bb est d\u00e9fini dans la loi f\u00e9d\u00e9rale sur la protection des donn\u00e9es. Il d\u00e9signe toute information relative aux circonstances personnelles ou mat\u00e9rielles d\u2019une personne physique identifi\u00e9e ou identifiable. Cela inclut, par exemple, votre nom civil, votre adresse, votre num\u00e9ro de t\u00e9l\u00e9phone ou votre date de naissance.<br \/>Responsables du traitement :<br \/>Pour la Suisse : FORMATION4YOU GmbH, Dorfstrasse 44, CH-8309 N\u00fcrensdorf<br \/>Pour l\u2019Autriche : FORMATION4YOU KG, Wiener Stra\u00dfe 12\/4, AT-3002 Purkersdorf  <\/p>\n<h4>Collecte et stockage des donn\u00e9es personnelles<\/h4>\n<p>Lorsque vous nous contactez via le formulaire en ligne ou par e-mail, vos donn\u00e9es sont enregistr\u00e9es dans notre syst\u00e8me de messagerie pour traiter votre demande et d\u2019\u00e9ventuelles questions compl\u00e9mentaires. En cas d\u2019envoi via notre formulaire, la correspondance est automatiquement chiffr\u00e9e gr\u00e2ce \u00e0 la technologie SSL, r\u00e9duisant ainsi les risques d\u2019interception par des tiers non autoris\u00e9s. <\/p>\n<p>Vous avez le droit de demander des informations sur la nature et l&rsquo;\u00e9tendue des donn\u00e9es vous concernant qui sont stock\u00e9es. Pour ce faire, veuillez envoyer un message accompagn\u00e9 d&rsquo;une copie de votre pi\u00e8ce d&rsquo;identit\u00e9 \u00e0 : <span> <\/span><a href=\"mailto:office@formation4you.com\" target=\"_blank\" rel=\"noopener noreferrer\">office@formation4you.com<\/a>.<\/p>\n<p>Vous avez le droit de demander la suppression des donn\u00e9es que nous d\u00e9tenons \u00e0 votre sujet. Nous y donnerons suite dans un d\u00e9lai d&rsquo;un mois, sauf si des raisons importantes ou l\u00e9gales s&rsquo;y opposent, ou si cela entra\u00eene pour nous des efforts \u00e9conomiquement disproportionn\u00e9s. Veuillez adresser votre demande accompagn\u00e9e d&rsquo;une copie de votre pi\u00e8ce d&rsquo;identit\u00e9 \u00e0 : <span> <\/span><a href=\"mailto:office@formation4you.com\">office@formation4you.com<\/a>.<\/p>\n<p>Si vous estimez que le traitement de vos donn\u00e9es enfreint la loi sur la protection des donn\u00e9es ou que vos droits en la mati\u00e8re ont \u00e9t\u00e9 viol\u00e9s, vous pouvez d\u00e9poser une plainte aupr\u00e8s de l&rsquo;autorit\u00e9 de contr\u00f4le. En Suisse, il s&rsquo;agit de l&rsquo;Office f\u00e9d\u00e9ral de la protection des donn\u00e9es, et en Autriche, de l&rsquo;Autorit\u00e9 de protection des donn\u00e9es. <\/p>\n<h4>Cookies<\/h4>\n<p>Notre site web utilise des cookies. Il s&rsquo;agit de petits fichiers texte qui sont enregistr\u00e9s sur votre appareil \u00e0 l&rsquo;aide du navigateur. Ils ne causent aucun dommage. Nous utilisons les cookies pour rendre notre offre plus conviviale. Certains cookies restent stock\u00e9s sur votre appareil jusqu&rsquo;\u00e0 ce que vous les supprimiez. Ils nous permettent de reconna\u00eetre votre navigateur lors de votre prochaine visite.     <\/p>\n<p>Si vous ne le souhaitez pas, vous pouvez configurer votre navigateur pour qu&rsquo;il vous informe de l&rsquo;utilisation de cookies et ne les autoriser qu&rsquo;au cas par cas. La d\u00e9sactivation des cookies peut limiter les fonctionnalit\u00e9s de notre site web. <\/p>\n<p>La l\u00e9galit\u00e9 du traitement est fond\u00e9e sur le chapitre 2, article 6 du RGPD.<\/p>\n<h4>Youtube<\/h4>\n<p>Des vid\u00e9os du service YouTube (YouTube, LLC, 901 Cherry Ave., San Bruno, CA 94066, USA) sont impl\u00e9ment\u00e9es sur certaines parties de ce site. Lorsque vous consultez ces vid\u00e9os, des cookies sont enregistr\u00e9s sur votre ordinateur. Si vous \u00eates connect\u00e9 \u00e0 votre compte Youtube, Youtube peut attribuer la visite de nos pages \u00e0 votre compte d&rsquo;utilisateur. Vous pouvez emp\u00eacher cela soit en vous d\u00e9connectant de votre compte Youtube, soit en bloquant les cookies correspondants dans votre navigateur. En tant que fournisseur, nous n&rsquo;avons \u00e0 aucun moment connaissance du contenu des donn\u00e9es transmises, ni de leur utilisation par Youtube. Les vid\u00e9os Youtube int\u00e9gr\u00e9es sur ces pages ont \u00e9t\u00e9 impl\u00e9ment\u00e9es de mani\u00e8re conforme \u00e0 la protection des donn\u00e9es (via \u00ab\u00a0nocookie\u00a0\u00bb).     <\/p>\n<p>Les r\u00e8gles de confidentialit\u00e9 Youtube se trouvent ici:<span> <\/span><a href=\"https:\/\/www.youtube.com\/static?gl=DE&amp;template=terms&amp;hl=de\" target=\"_blank\" rel=\"noopener noreferrer\">https:\/\/www.youtube.com\/static?template=terms&amp;hl=fr&amp;gl=FR<\/a><\/p>\n<h4>Plugins Social Media<\/h4>\n<p><strong>Facebook<\/strong><\/p>\n<p>Notre site utilise des plugins sociaux (\u00ab plugins \u00bb) du r\u00e9seau facebook.com, exploit\u00e9 par Facebook Inc. (1601 S. California Ave, Palo Alto, CA 94304, USA). Ces plugins sont identifiables gr\u00e2ce :<br \/>Aux logos de Facebook<br \/>\u00c0 la mention \u00ab Like \u00bb, \u00ab J\u2019aime \u00bb ou l\u2019ic\u00f4ne \u00ab Pouce lev\u00e9 \u00bb<br \/>Ou au label \u00ab Facebook Social Plugin \u00bb<br \/>Liste compl\u00e8te et visuel des plugins disponibles ici.<br \/>(Traduction adapt\u00e9e pour la Suisse romande avec \ud83d\ude42<br \/>Terminologie officielle (\u00ab plugins \u00bb conserv\u00e9, \u00ab J\u2019aime \u00bb pour \u00ab Gef\u00e4llt mir \u00bb)<br \/>Structuration claire (liste \u00e0 puces pour les \u00e9l\u00e9ments visuels)<br \/>Lien g\u00e9n\u00e9rique (\u00ab ici \u00bb \u00e9vite une URL obsol\u00e8te)<br \/><span> <\/span><a href=\"https:\/\/developers.facebook.com\/docs\/plugins\/\" target=\"_blank\" rel=\"noopener noreferrer\">https:\/\/developers.facebook.com\/docs\/plugins\/<\/a>.<\/p>\n<p>Lorsqu&rsquo;un utilisateur acc\u00e8de \u00e0 une page de ce site contenant un tel plugin, son navigateur \u00e9tablit une connexion directe avec les serveurs de Facebook. Le contenu du plugin est transmis directement par Facebook au navigateur et int\u00e9gr\u00e9 \u00e0 la page web. L&rsquo;\u00e9diteur du site n&rsquo;a donc aucun contr\u00f4le sur l&rsquo;\u00e9tendue des donn\u00e9es collect\u00e9es par Facebook via ce plugin et informe les utilisateurs en fonction de ses connaissances actuelles.  <\/p>\n<p>L&rsquo;int\u00e9gration des plugins permet \u00e0 Facebook de savoir que l&rsquo;utilisateur a visit\u00e9 la page concern\u00e9e de notre site. Si l&rsquo;utilisateur est connect\u00e9 \u00e0 Facebook, celui-ci peut associer cette visite \u00e0 son compte. Lorsque l&rsquo;utilisateur interagit avec les plugins (en cliquant sur \u00ab\u00a0J&rsquo;aime\u00a0\u00bb ou en postant un commentaire), ces informations sont transmises directement par le navigateur \u00e0 Facebook et y sont enregistr\u00e9es. M\u00eame si l&rsquo;utilisateur n&rsquo;a pas de compte Facebook, celui-ci peut n\u00e9anmoins collecter et enregistrer son adresse IP.   <\/p>\n<p><span>Finalit\u00e9 et \u00e9tendue du collectage des donn\u00e9es, leur traitement ult\u00e9rieur et utilisation par Facebook, ainsi que les droits et options de param\u00e9trage disponibles pour la protection de la vie priv\u00e9e des utilisateurs, sont d\u00e9taill\u00e9s dans les notices de confidentialit\u00e9 de Facebook : <\/span><a href=\"https:\/\/www.facebook.com\/about\/privacy\/\" target=\"_blank\" rel=\"noopener noreferrer\">https:\/\/www.facebook.com\/about\/privacy\/<\/a>.<\/p>\n<p>Si un utilisateur est membre de Facebook et ne souhaite pas que Facebook collecte des donn\u00e9es le concernant via ce site et les associe \u00e0 ses informations de compte Facebook, il doit se d\u00e9connecter de Facebook avant de visiter ce site web.<\/p>\n<p><strong>Linkedin<\/strong><\/p>\n<p>Nous utilisons des composants du r\u00e9seau LinkedIn sur notre site. LinkedIn est un service de LinkedIn Corporation, 2029 Stierlin Court, Mountain View, CA 94043, USA. Chaque fois que vous acc\u00e9dez \u00e0 une page de notre site contenant ces composants, votre navigateur t\u00e9l\u00e9charge une repr\u00e9sentation correspondante du composant depuis LinkedIn.  <\/p>\n<p>Ce processus permet \u00e0 LinkedIn d&rsquo;identifier la page sp\u00e9cifique de notre site que vous consultez. Si vous cliquez sur le bouton \u00ab\u00a0Recommander\u00a0\u00bb de LinkedIn tout \u00e9tant connect\u00e9 \u00e0 votre compte, vous pouvez associer le contenu de nos pages \u00e0 votre profil LinkedIn. LinkedIn peut ainsi attribuer votre visite sur notre site \u00e0 votre compte utilisateur.  <\/p>\n<p>Nous n&rsquo;avons aucun contr\u00f4le sur les donn\u00e9es que LinkedIn collecte via ce proc\u00e9d\u00e9, ni sur l&rsquo;\u00e9tendue de ces donn\u00e9es. Nous n&rsquo;avons pas non plus connaissance du contenu des donn\u00e9es transmises \u00e0 LinkedIn. Pour plus de d\u00e9tails sur la collecte de donn\u00e9es par LinkedIn, ainsi que sur vos droits et options de param\u00e9trage, veuillez consulter les informations relatives \u00e0 la protection des donn\u00e9es de LinkedIn :  <span> <\/span><span>unter <\/span><a href=\"http:\/\/www.linkedin.com\/legal\/privacy-policy\/\" target=\"_blank\" rel=\"noopener noreferrer\">http:\/\/www.linkedin.com\/legal\/privacy-policy\/<\/a><span> <\/span>.<\/p>\n<p><strong>XING<\/strong><\/p>\n<p>Notre site web contient un bouton de lien vers le r\u00e9seau XING.com, un service de XING AG, Dammtorstra\u00dfe 29-32, 20354 Hamburg, Allemagne. En cliquant sur ce lien, votre navigateur ouvrira dans une nouvelle fen\u00eatre ou un nouvel onglet le profil XING de l&rsquo;exploitant de ce site web. Seuls les membres connect\u00e9s \u00e0 XING peuvent consulter ce profil.   <strong><span>Lorsque vous utilisez ou visitez ce service, <\/span><\/strong><strong><span>Lors de toute utilisation ou visite, vos donn\u00e9es sont automatiquement collect\u00e9es via diff\u00e9rentes technologies de suivi. Pour plus de d\u00e9tails sur le traitement par XING, vos droits et options de param\u00e9trage, consultez sa politique de confidentialit\u00e9 : <a href=\"https:\/\/privacy.xing.com\/en\" target=\"_blank\" rel=\"noopener noreferrer\">https:\/\/privacy.xing.com\/en<\/a>   <\/span><\/strong><\/p>\n<h4>H\u00e9bergement web<\/h4>\n<p>Notre h\u00e9bergeur enregistre des donn\u00e9es pour chaque acc\u00e8s \u00e0 ce site web dans les fichiers journaux du serveur (logs). Ces donn\u00e9es comprennent :<br \/>Le nom du site web<br \/>Le message d&rsquo;acc\u00e8s<br \/>Le type de navigateur<br \/>Le syst\u00e8me d&rsquo;exploitation<br \/>L&rsquo;URL de r\u00e9f\u00e9rence (site pr\u00e9c\u00e9demment visit\u00e9)<br \/>L&rsquo;adresse IP<br \/>Le fournisseur d&rsquo;acc\u00e8s<br \/>Ces donn\u00e9es sont enregistr\u00e9es \u00e0 des fins statistiques uniquement et servent \u00e0 optimiser la s\u00e9curit\u00e9 du syst\u00e8me d&rsquo;h\u00e9bergement.  <\/p>\n<p>[\/et_pb_text][\/et_pb_column][\/et_pb_row][\/et_pb_section][et_pb_section fb_built=\u00a0\u00bb1&Prime; prev_background_color=\u00a0\u00bb#ffffff\u00a0\u00bb _builder_version=\u00a0\u00bb4.27.4&Prime; _module_preset=\u00a0\u00bbdefault\u00a0\u00bb background_color=\u00a0\u00bb#055099&Prime; custom_padding=\u00a0\u00bb10px||10px||true|false\u00a0\u00bb top_divider_style=\u00a0\u00bbwave2&Prime; top_divider_height=\u00a0\u00bb65px\u00a0\u00bb box_shadow_style=\u00a0\u00bbpreset7&Prime; box_shadow_horizontal=\u00a0\u00bb0px\u00a0\u00bb box_shadow_vertical=\u00a0\u00bb18px\u00a0\u00bb box_shadow_color=\u00a0\u00bbrgba(19,167,157,0.89)\u00a0\u00bb global_module=\u00a0\u00bb676&Prime; saved_tabs=\u00a0\u00bball\u00a0\u00bb global_colors_info=\u00a0\u00bb{}\u00a0\u00bb][et_pb_row _builder_version=\u00a0\u00bb4.27.4&Prime; background_enable_color=\u00a0\u00bboff\u00a0\u00bb custom_margin=\u00a0\u00bb|||\u00a0\u00bb custom_padding=\u00a0\u00bb0px||0px||true\u00a0\u00bb animation_style=\u00a0\u00bbslide\u00a0\u00bb animation_direction=\u00a0\u00bbtop\u00a0\u00bb animation_intensity_slide=\u00a0\u00bb10%\u00a0\u00bb global_colors_info=\u00a0\u00bb{}\u00a0\u00bb][et_pb_column type=\u00a0\u00bb4_4&Prime; _builder_version=\u00a0\u00bb4.16&Prime; custom_padding=\u00a0\u00bb|||\u00a0\u00bb global_colors_info=\u00a0\u00bb{}\u00a0\u00bb custom_padding__hover=\u00a0\u00bb|||\u00a0\u00bb][et_pb_social_media_follow _builder_version=\u00a0\u00bb4.27.4&Prime; text_orientation=\u00a0\u00bbcenter\u00a0\u00bb custom_padding=\u00a0\u00bb50px||0px||false|false\u00a0\u00bb locked=\u00a0\u00bboff\u00a0\u00bb global_colors_info=\u00a0\u00bb{}\u00a0\u00bb][et_pb_social_media_follow_network social_network=\u00a0\u00bbfacebook\u00a0\u00bb use_icon_font_size=\u00a0\u00bbon\u00a0\u00bb icon_font_size=\u00a0\u00bb24px\u00a0\u00bb _builder_version=\u00a0\u00bb4.27.4&Prime; custom_padding=\u00a0\u00bb|10px||10px||true\u00a0\u00bb global_colors_info=\u00a0\u00bb{}\u00a0\u00bb follow_button=\u00a0\u00bboff\u00a0\u00bb url_new_window=\u00a0\u00bbon\u00a0\u00bb]facebook[\/et_pb_social_media_follow_network][et_pb_social_media_follow_network social_network=\u00a0\u00bblinkedin\u00a0\u00bb use_icon_font_size=\u00a0\u00bbon\u00a0\u00bb icon_font_size=\u00a0\u00bb24px\u00a0\u00bb _builder_version=\u00a0\u00bb4.27.4&Prime; custom_padding=\u00a0\u00bb|10px||10px||true\u00a0\u00bb global_colors_info=\u00a0\u00bb{}\u00a0\u00bb follow_button=\u00a0\u00bboff\u00a0\u00bb url_new_window=\u00a0\u00bbon\u00a0\u00bb]linkedin[\/et_pb_social_media_follow_network][\/et_pb_social_media_follow][\/et_pb_column][\/et_pb_row][\/et_pb_section]<\/p>\n","protected":false},"excerpt":{"rendered":"<p>Politique de confidentialit\u00e9La protection de vos donn\u00e9es personnelles nous tient particuli\u00e8rement \u00e0 c\u0153ur. Nous traitons donc vos donn\u00e9es exclusivement sur la base des dispositions l\u00e9gales (RGPD, TKG 2003). Dans cette information sur la protection des donn\u00e9es, nous vous informons sur les principaux aspects du traitement des donn\u00e9es dans le cadre de notre site web. Responsable [&hellip;]<\/p>\n","protected":false},"author":2,"featured_media":0,"parent":0,"menu_order":0,"comment_status":"closed","ping_status":"closed","template":"","meta":{"_acf_changed":false,"_et_pb_use_builder":"on","_et_pb_old_content":"","_et_gb_content_width":"","footnotes":""},"class_list":["post-2359","page","type-page","status-publish","hentry"],"acf":[],"yoast_head":"<!-- This site is optimized with the Yoast SEO plugin v27.4 - https:\/\/yoast.com\/product\/yoast-seo-wordpress\/ -->\n<title>Politique de confidentialit\u00e9 - Formation4you<\/title>\n<meta name=\"robots\" content=\"index, follow, max-snippet:-1, max-image-preview:large, max-video-preview:-1\" \/>\n<link rel=\"canonical\" href=\"https:\/\/www.formation4you.com\/fr\/politique-de-confidentialite\/\" \/>\n<meta property=\"og:locale\" content=\"fr_FR\" \/>\n<meta property=\"og:type\" content=\"article\" \/>\n<meta property=\"og:title\" content=\"Politique de confidentialit\u00e9 - Formation4you\" \/>\n<meta property=\"og:description\" content=\"Politique de confidentialit\u00e9La protection de vos donn\u00e9es personnelles nous tient particuli\u00e8rement \u00e0 c\u0153ur. Nous traitons donc vos donn\u00e9es exclusivement sur la base des dispositions l\u00e9gales (RGPD, TKG 2003). Dans cette information sur la protection des donn\u00e9es, nous vous informons sur les principaux aspects du traitement des donn\u00e9es dans le cadre de notre site web. Responsable [&hellip;]\" \/>\n<meta property=\"og:url\" content=\"https:\/\/www.formation4you.com\/fr\/politique-de-confidentialite\/\" \/>\n<meta property=\"og:site_name\" content=\"Formation4you\" \/>\n<meta property=\"article:modified_time\" content=\"2025-05-30T03:24:52+00:00\" \/>\n<meta name=\"twitter:card\" content=\"summary_large_image\" \/>\n<meta name=\"twitter:label1\" content=\"Dur\u00e9e de lecture estim\u00e9e\" \/>\n\t<meta name=\"twitter:data1\" content=\"9 minutes\" \/>\n<script type=\"application\/ld+json\" class=\"yoast-schema-graph\">{\"@context\":\"https:\\\/\\\/schema.org\",\"@graph\":[{\"@type\":\"WebPage\",\"@id\":\"https:\\\/\\\/www.formation4you.com\\\/fr\\\/politique-de-confidentialite\\\/\",\"url\":\"https:\\\/\\\/www.formation4you.com\\\/fr\\\/politique-de-confidentialite\\\/\",\"name\":\"Politique de confidentialit\u00e9 - Formation4you\",\"isPartOf\":{\"@id\":\"https:\\\/\\\/www.formation4you.com\\\/fr\\\/#website\"},\"datePublished\":\"2025-03-03T16:57:21+00:00\",\"dateModified\":\"2025-05-30T03:24:52+00:00\",\"breadcrumb\":{\"@id\":\"https:\\\/\\\/www.formation4you.com\\\/fr\\\/politique-de-confidentialite\\\/#breadcrumb\"},\"inLanguage\":\"fr-FR\",\"potentialAction\":[{\"@type\":\"ReadAction\",\"target\":[\"https:\\\/\\\/www.formation4you.com\\\/fr\\\/politique-de-confidentialite\\\/\"]}]},{\"@type\":\"BreadcrumbList\",\"@id\":\"https:\\\/\\\/www.formation4you.com\\\/fr\\\/politique-de-confidentialite\\\/#breadcrumb\",\"itemListElement\":[{\"@type\":\"ListItem\",\"position\":1,\"name\":\"Startseite\",\"item\":\"https:\\\/\\\/www.formation4you.com\\\/fr\\\/performance4you\\\/\"},{\"@type\":\"ListItem\",\"position\":2,\"name\":\"Politique de confidentialit\u00e9\"}]},{\"@type\":\"WebSite\",\"@id\":\"https:\\\/\\\/www.formation4you.com\\\/fr\\\/#website\",\"url\":\"https:\\\/\\\/www.formation4you.com\\\/fr\\\/\",\"name\":\"Formation4you\",\"description\":\"rofitieren Sie  von unserem Beratungs- und Weiterbildungs-Angebot\",\"potentialAction\":[{\"@type\":\"SearchAction\",\"target\":{\"@type\":\"EntryPoint\",\"urlTemplate\":\"https:\\\/\\\/www.formation4you.com\\\/fr\\\/?s={search_term_string}\"},\"query-input\":{\"@type\":\"PropertyValueSpecification\",\"valueRequired\":true,\"valueName\":\"search_term_string\"}}],\"inLanguage\":\"fr-FR\"}]}<\/script>\n<!-- \/ Yoast SEO plugin. -->","yoast_head_json":{"title":"Politique de confidentialit\u00e9 - Formation4you","robots":{"index":"index","follow":"follow","max-snippet":"max-snippet:-1","max-image-preview":"max-image-preview:large","max-video-preview":"max-video-preview:-1"},"canonical":"https:\/\/www.formation4you.com\/fr\/politique-de-confidentialite\/","og_locale":"fr_FR","og_type":"article","og_title":"Politique de confidentialit\u00e9 - Formation4you","og_description":"Politique de confidentialit\u00e9La protection de vos donn\u00e9es personnelles nous tient particuli\u00e8rement \u00e0 c\u0153ur. Nous traitons donc vos donn\u00e9es exclusivement sur la base des dispositions l\u00e9gales (RGPD, TKG 2003). Dans cette information sur la protection des donn\u00e9es, nous vous informons sur les principaux aspects du traitement des donn\u00e9es dans le cadre de notre site web. Responsable [&hellip;]","og_url":"https:\/\/www.formation4you.com\/fr\/politique-de-confidentialite\/","og_site_name":"Formation4you","article_modified_time":"2025-05-30T03:24:52+00:00","twitter_card":"summary_large_image","twitter_misc":{"Dur\u00e9e de lecture estim\u00e9e":"9 minutes"},"schema":{"@context":"https:\/\/schema.org","@graph":[{"@type":"WebPage","@id":"https:\/\/www.formation4you.com\/fr\/politique-de-confidentialite\/","url":"https:\/\/www.formation4you.com\/fr\/politique-de-confidentialite\/","name":"Politique de confidentialit\u00e9 - Formation4you","isPartOf":{"@id":"https:\/\/www.formation4you.com\/fr\/#website"},"datePublished":"2025-03-03T16:57:21+00:00","dateModified":"2025-05-30T03:24:52+00:00","breadcrumb":{"@id":"https:\/\/www.formation4you.com\/fr\/politique-de-confidentialite\/#breadcrumb"},"inLanguage":"fr-FR","potentialAction":[{"@type":"ReadAction","target":["https:\/\/www.formation4you.com\/fr\/politique-de-confidentialite\/"]}]},{"@type":"BreadcrumbList","@id":"https:\/\/www.formation4you.com\/fr\/politique-de-confidentialite\/#breadcrumb","itemListElement":[{"@type":"ListItem","position":1,"name":"Startseite","item":"https:\/\/www.formation4you.com\/fr\/performance4you\/"},{"@type":"ListItem","position":2,"name":"Politique de confidentialit\u00e9"}]},{"@type":"WebSite","@id":"https:\/\/www.formation4you.com\/fr\/#website","url":"https:\/\/www.formation4you.com\/fr\/","name":"Formation4you","description":"rofitieren Sie  von unserem Beratungs- und Weiterbildungs-Angebot","potentialAction":[{"@type":"SearchAction","target":{"@type":"EntryPoint","urlTemplate":"https:\/\/www.formation4you.com\/fr\/?s={search_term_string}"},"query-input":{"@type":"PropertyValueSpecification","valueRequired":true,"valueName":"search_term_string"}}],"inLanguage":"fr-FR"}]}},"_links":{"self":[{"href":"https:\/\/www.formation4you.com\/fr\/wp-json\/wp\/v2\/pages\/2359","targetHints":{"allow":["GET"]}}],"collection":[{"href":"https:\/\/www.formation4you.com\/fr\/wp-json\/wp\/v2\/pages"}],"about":[{"href":"https:\/\/www.formation4you.com\/fr\/wp-json\/wp\/v2\/types\/page"}],"author":[{"embeddable":true,"href":"https:\/\/www.formation4you.com\/fr\/wp-json\/wp\/v2\/users\/2"}],"replies":[{"embeddable":true,"href":"https:\/\/www.formation4you.com\/fr\/wp-json\/wp\/v2\/comments?post=2359"}],"version-history":[{"count":5,"href":"https:\/\/www.formation4you.com\/fr\/wp-json\/wp\/v2\/pages\/2359\/revisions"}],"predecessor-version":[{"id":2364,"href":"https:\/\/www.formation4you.com\/fr\/wp-json\/wp\/v2\/pages\/2359\/revisions\/2364"}],"wp:attachment":[{"href":"https:\/\/www.formation4you.com\/fr\/wp-json\/wp\/v2\/media?parent=2359"}],"curies":[{"name":"wp","href":"https:\/\/api.w.org\/{rel}","templated":true}]}}