{"id":2228,"date":"2025-03-03T16:57:37","date_gmt":"2025-03-03T16:57:37","guid":{"rendered":"https:\/\/www.formation4you.com\/cgv\/"},"modified":"2025-05-30T03:29:57","modified_gmt":"2025-05-30T03:29:57","slug":"cgv","status":"publish","type":"page","link":"https:\/\/www.formation4you.com\/fr\/cgv\/","title":{"rendered":"CGV"},"content":{"rendered":"<p>[et_pb_section fb_built=\u00a0\u00bb1&Prime; _builder_version=\u00a0\u00bb4.27.4&Prime; _module_preset=\u00a0\u00bbdefault\u00a0\u00bb global_colors_info=\u00a0\u00bb{}\u00a0\u00bb][et_pb_row _builder_version=\u00a0\u00bb4.27.4&Prime; _module_preset=\u00a0\u00bbdefault\u00a0\u00bb][et_pb_column _builder_version=\u00a0\u00bb4.27.4&Prime; _module_preset=\u00a0\u00bbdefault\u00a0\u00bb type=\u00a0\u00bb4_4&Prime;][et_pb_text _builder_version=\u00a0\u00bb4.27.4&Prime; _module_preset=\u00a0\u00bbdefault\u00a0\u00bb hover_enabled=\u00a0\u00bb0&Prime; sticky_enabled=\u00a0\u00bb0&Prime;]<\/p>\n<h1>Condition g\u00e9n\u00e9rales de vente<\/h1>\n<p>[\/et_pb_text][\/et_pb_column][\/et_pb_row][et_pb_row _builder_version=\u00a0\u00bb4.27.4&Prime; _module_preset=\u00a0\u00bbdefault\u00a0\u00bb][et_pb_column _builder_version=\u00a0\u00bb4.27.4&Prime; _module_preset=\u00a0\u00bbdefault\u00a0\u00bb type=\u00a0\u00bb4_4&Prime;][et_pb_text _builder_version=\u00a0\u00bb4.27.4&Prime; _module_preset=\u00a0\u00bbdefault\u00a0\u00bb hover_enabled=\u00a0\u00bb0&Prime; sticky_enabled=\u00a0\u00bb0&Prime;]<\/p>\n<p>Les pr\u00e9sentes conditions g\u00e9n\u00e9rales de vente (CGV) r\u00e9gissent les relations entre la soci\u00e9t\u00e9 Formation4You GmbH (Suisse) ou Formation4You KG (Autriche) et ses clients ainsi que ses prestataires (fournisseurs, partenaires), sauf accord \u00e9crit contraire.<\/p>\n<p>Les CGV font partie int\u00e9grante d\u2019un devis, d\u2019un contrat ou d\u2019une confirmation de commande.<br \/>Les CGV des clients et\/ou fournisseurs\/partenaires ne s\u2019appliquent que si leur validit\u00e9 a \u00e9t\u00e9 express\u00e9ment reconnue par la Formation4You GmbH (Suisse) ou la Formation4You KG (Autriche) par signature \u00e9crite. <\/p>\n<p>[\/et_pb_text][\/et_pb_column][\/et_pb_row][et_pb_row _builder_version=\u00a0\u00bb4.27.4&Prime; _module_preset=\u00a0\u00bbdefault\u00a0\u00bb column_structure=\u00a0\u00bb1_2,1_2&Prime;][et_pb_column _builder_version=\u00a0\u00bb4.27.4&Prime; _module_preset=\u00a0\u00bbdefault\u00a0\u00bb type=\u00a0\u00bb1_2&Prime;][et_pb_button button_text=\u00a0\u00bbCGV Formation4You S\u00e0rl Suisse\u00a0\u00bb _builder_version=\u00a0\u00bb4.27.4&Prime; _module_preset=\u00a0\u00bbdefault\u00a0\u00bb url_new_window=\u00a0\u00bbon\u00a0\u00bb button_url=\u00a0\u00bbhttps:\/\/www.formation4you.com\/wp-content\/uploads\/2025\/05\/AGB_V3_2016_CH_FR.pdf\u00a0\u00bb hover_enabled=\u00a0\u00bb0&Prime; sticky_enabled=\u00a0\u00bb0&Prime;][\/et_pb_button][\/et_pb_column][et_pb_column _builder_version=\u00a0\u00bb4.27.4&Prime; _module_preset=\u00a0\u00bbdefault\u00a0\u00bb type=\u00a0\u00bb1_2&Prime;][et_pb_button button_text=\u00a0\u00bbAGB Formation4You KG \u00d6sterreich\u00a0\u00bb _builder_version=\u00a0\u00bb4.27.4&Prime; _module_preset=\u00a0\u00bbdefault\u00a0\u00bb url_new_window=\u00a0\u00bbon\u00a0\u00bb button_url=\u00a0\u00bbhttps:\/\/www.formation4you.com\/wp-content\/uploads\/2025\/05\/F4Y_AGB_AT_DE.pdf\u00a0\u00bb hover_enabled=\u00a0\u00bb0&Prime; sticky_enabled=\u00a0\u00bb0&Prime;][\/et_pb_button][\/et_pb_column][\/et_pb_row][\/et_pb_section][et_pb_section fb_built=\u00a0\u00bb1&Prime; prev_background_color=\u00a0\u00bb#ffffff\u00a0\u00bb _builder_version=\u00a0\u00bb4.27.4&Prime; _module_preset=\u00a0\u00bbdefault\u00a0\u00bb background_color=\u00a0\u00bb#055099&Prime; custom_padding=\u00a0\u00bb10px||10px||true|false\u00a0\u00bb top_divider_style=\u00a0\u00bbwave2&Prime; top_divider_height=\u00a0\u00bb65px\u00a0\u00bb box_shadow_style=\u00a0\u00bbpreset7&Prime; box_shadow_horizontal=\u00a0\u00bb0px\u00a0\u00bb box_shadow_vertical=\u00a0\u00bb18px\u00a0\u00bb box_shadow_color=\u00a0\u00bbrgba(19,167,157,0.89)\u00a0\u00bb global_module=\u00a0\u00bb676&Prime; saved_tabs=\u00a0\u00bball\u00a0\u00bb global_colors_info=\u00a0\u00bb{}\u00a0\u00bb][et_pb_row _builder_version=\u00a0\u00bb4.27.4&Prime; background_enable_color=\u00a0\u00bboff\u00a0\u00bb custom_margin=\u00a0\u00bb|||\u00a0\u00bb custom_padding=\u00a0\u00bb0px||0px||true\u00a0\u00bb animation_style=\u00a0\u00bbslide\u00a0\u00bb animation_direction=\u00a0\u00bbtop\u00a0\u00bb animation_intensity_slide=\u00a0\u00bb10%\u00a0\u00bb global_colors_info=\u00a0\u00bb{}\u00a0\u00bb][et_pb_column type=\u00a0\u00bb4_4&Prime; _builder_version=\u00a0\u00bb4.16&Prime; custom_padding=\u00a0\u00bb|||\u00a0\u00bb global_colors_info=\u00a0\u00bb{}\u00a0\u00bb custom_padding__hover=\u00a0\u00bb|||\u00a0\u00bb][et_pb_social_media_follow _builder_version=\u00a0\u00bb4.27.4&Prime; text_orientation=\u00a0\u00bbcenter\u00a0\u00bb custom_padding=\u00a0\u00bb50px||0px||false|false\u00a0\u00bb locked=\u00a0\u00bboff\u00a0\u00bb global_colors_info=\u00a0\u00bb{}\u00a0\u00bb][et_pb_social_media_follow_network social_network=\u00a0\u00bbfacebook\u00a0\u00bb use_icon_font_size=\u00a0\u00bbon\u00a0\u00bb icon_font_size=\u00a0\u00bb24px\u00a0\u00bb _builder_version=\u00a0\u00bb4.27.4&Prime; custom_padding=\u00a0\u00bb|10px||10px||true\u00a0\u00bb global_colors_info=\u00a0\u00bb{}\u00a0\u00bb follow_button=\u00a0\u00bboff\u00a0\u00bb url_new_window=\u00a0\u00bbon\u00a0\u00bb]facebook[\/et_pb_social_media_follow_network][et_pb_social_media_follow_network social_network=\u00a0\u00bblinkedin\u00a0\u00bb use_icon_font_size=\u00a0\u00bbon\u00a0\u00bb icon_font_size=\u00a0\u00bb24px\u00a0\u00bb _builder_version=\u00a0\u00bb4.27.4&Prime; custom_padding=\u00a0\u00bb|10px||10px||true\u00a0\u00bb global_colors_info=\u00a0\u00bb{}\u00a0\u00bb follow_button=\u00a0\u00bboff\u00a0\u00bb url_new_window=\u00a0\u00bbon\u00a0\u00bb]linkedin[\/et_pb_social_media_follow_network][\/et_pb_social_media_follow][\/et_pb_column][\/et_pb_row][\/et_pb_section]<\/p>\n","protected":false},"excerpt":{"rendered":"<p>Condition g\u00e9n\u00e9rales de venteLes pr\u00e9sentes conditions g\u00e9n\u00e9rales de vente (CGV) r\u00e9gissent les relations entre la soci\u00e9t\u00e9 Formation4You GmbH (Suisse) ou Formation4You KG (Autriche) et ses clients ainsi que ses prestataires (fournisseurs, partenaires), sauf accord \u00e9crit contraire. Les CGV font partie int\u00e9grante d\u2019un devis, d\u2019un contrat ou d\u2019une confirmation de commande.Les CGV des clients et\/ou fournisseurs\/partenaires [&hellip;]<\/p>\n","protected":false},"author":2,"featured_media":0,"parent":0,"menu_order":0,"comment_status":"closed","ping_status":"closed","template":"","meta":{"_acf_changed":false,"_et_pb_use_builder":"on","_et_pb_old_content":"","_et_gb_content_width":"","footnotes":""},"class_list":["post-2228","page","type-page","status-publish","hentry"],"acf":[],"yoast_head":"<!-- This site is optimized with the Yoast SEO plugin v27.4 - https:\/\/yoast.com\/product\/yoast-seo-wordpress\/ -->\n<title>CGV - Formation4you<\/title>\n<meta name=\"robots\" content=\"index, follow, max-snippet:-1, max-image-preview:large, max-video-preview:-1\" \/>\n<link rel=\"canonical\" href=\"https:\/\/www.formation4you.com\/fr\/cgv\/\" \/>\n<meta property=\"og:locale\" content=\"fr_FR\" \/>\n<meta property=\"og:type\" content=\"article\" \/>\n<meta property=\"og:title\" content=\"CGV - Formation4you\" \/>\n<meta property=\"og:description\" content=\"Condition g\u00e9n\u00e9rales de venteLes pr\u00e9sentes conditions g\u00e9n\u00e9rales de vente (CGV) r\u00e9gissent les relations entre la soci\u00e9t\u00e9 Formation4You GmbH (Suisse) ou Formation4You KG (Autriche) et ses clients ainsi que ses prestataires (fournisseurs, partenaires), sauf accord \u00e9crit contraire. Les CGV font partie int\u00e9grante d\u2019un devis, d\u2019un contrat ou d\u2019une confirmation de commande.Les CGV des clients et\/ou fournisseurs\/partenaires [&hellip;]\" \/>\n<meta property=\"og:url\" content=\"https:\/\/www.formation4you.com\/fr\/cgv\/\" \/>\n<meta property=\"og:site_name\" content=\"Formation4you\" \/>\n<meta property=\"article:modified_time\" content=\"2025-05-30T03:29:57+00:00\" \/>\n<meta name=\"twitter:card\" content=\"summary_large_image\" \/>\n<meta name=\"twitter:label1\" content=\"Dur\u00e9e de lecture estim\u00e9e\" \/>\n\t<meta name=\"twitter:data1\" content=\"3 minutes\" \/>\n<script type=\"application\/ld+json\" class=\"yoast-schema-graph\">{\"@context\":\"https:\\\/\\\/schema.org\",\"@graph\":[{\"@type\":\"WebPage\",\"@id\":\"https:\\\/\\\/www.formation4you.com\\\/fr\\\/cgv\\\/\",\"url\":\"https:\\\/\\\/www.formation4you.com\\\/fr\\\/cgv\\\/\",\"name\":\"CGV - Formation4you\",\"isPartOf\":{\"@id\":\"https:\\\/\\\/www.formation4you.com\\\/fr\\\/#website\"},\"datePublished\":\"2025-03-03T16:57:37+00:00\",\"dateModified\":\"2025-05-30T03:29:57+00:00\",\"breadcrumb\":{\"@id\":\"https:\\\/\\\/www.formation4you.com\\\/fr\\\/cgv\\\/#breadcrumb\"},\"inLanguage\":\"fr-FR\",\"potentialAction\":[{\"@type\":\"ReadAction\",\"target\":[\"https:\\\/\\\/www.formation4you.com\\\/fr\\\/cgv\\\/\"]}]},{\"@type\":\"BreadcrumbList\",\"@id\":\"https:\\\/\\\/www.formation4you.com\\\/fr\\\/cgv\\\/#breadcrumb\",\"itemListElement\":[{\"@type\":\"ListItem\",\"position\":1,\"name\":\"Startseite\",\"item\":\"https:\\\/\\\/www.formation4you.com\\\/fr\\\/performance4you\\\/\"},{\"@type\":\"ListItem\",\"position\":2,\"name\":\"CGV\"}]},{\"@type\":\"WebSite\",\"@id\":\"https:\\\/\\\/www.formation4you.com\\\/fr\\\/#website\",\"url\":\"https:\\\/\\\/www.formation4you.com\\\/fr\\\/\",\"name\":\"Formation4you\",\"description\":\"rofitieren Sie  von unserem Beratungs- und Weiterbildungs-Angebot\",\"potentialAction\":[{\"@type\":\"SearchAction\",\"target\":{\"@type\":\"EntryPoint\",\"urlTemplate\":\"https:\\\/\\\/www.formation4you.com\\\/fr\\\/?s={search_term_string}\"},\"query-input\":{\"@type\":\"PropertyValueSpecification\",\"valueRequired\":true,\"valueName\":\"search_term_string\"}}],\"inLanguage\":\"fr-FR\"}]}<\/script>\n<!-- \/ Yoast SEO plugin. -->","yoast_head_json":{"title":"CGV - Formation4you","robots":{"index":"index","follow":"follow","max-snippet":"max-snippet:-1","max-image-preview":"max-image-preview:large","max-video-preview":"max-video-preview:-1"},"canonical":"https:\/\/www.formation4you.com\/fr\/cgv\/","og_locale":"fr_FR","og_type":"article","og_title":"CGV - Formation4you","og_description":"Condition g\u00e9n\u00e9rales de venteLes pr\u00e9sentes conditions g\u00e9n\u00e9rales de vente (CGV) r\u00e9gissent les relations entre la soci\u00e9t\u00e9 Formation4You GmbH (Suisse) ou Formation4You KG (Autriche) et ses clients ainsi que ses prestataires (fournisseurs, partenaires), sauf accord \u00e9crit contraire. Les CGV font partie int\u00e9grante d\u2019un devis, d\u2019un contrat ou d\u2019une confirmation de commande.Les CGV des clients et\/ou fournisseurs\/partenaires [&hellip;]","og_url":"https:\/\/www.formation4you.com\/fr\/cgv\/","og_site_name":"Formation4you","article_modified_time":"2025-05-30T03:29:57+00:00","twitter_card":"summary_large_image","twitter_misc":{"Dur\u00e9e de lecture estim\u00e9e":"3 minutes"},"schema":{"@context":"https:\/\/schema.org","@graph":[{"@type":"WebPage","@id":"https:\/\/www.formation4you.com\/fr\/cgv\/","url":"https:\/\/www.formation4you.com\/fr\/cgv\/","name":"CGV - Formation4you","isPartOf":{"@id":"https:\/\/www.formation4you.com\/fr\/#website"},"datePublished":"2025-03-03T16:57:37+00:00","dateModified":"2025-05-30T03:29:57+00:00","breadcrumb":{"@id":"https:\/\/www.formation4you.com\/fr\/cgv\/#breadcrumb"},"inLanguage":"fr-FR","potentialAction":[{"@type":"ReadAction","target":["https:\/\/www.formation4you.com\/fr\/cgv\/"]}]},{"@type":"BreadcrumbList","@id":"https:\/\/www.formation4you.com\/fr\/cgv\/#breadcrumb","itemListElement":[{"@type":"ListItem","position":1,"name":"Startseite","item":"https:\/\/www.formation4you.com\/fr\/performance4you\/"},{"@type":"ListItem","position":2,"name":"CGV"}]},{"@type":"WebSite","@id":"https:\/\/www.formation4you.com\/fr\/#website","url":"https:\/\/www.formation4you.com\/fr\/","name":"Formation4you","description":"rofitieren Sie  von unserem Beratungs- und Weiterbildungs-Angebot","potentialAction":[{"@type":"SearchAction","target":{"@type":"EntryPoint","urlTemplate":"https:\/\/www.formation4you.com\/fr\/?s={search_term_string}"},"query-input":{"@type":"PropertyValueSpecification","valueRequired":true,"valueName":"search_term_string"}}],"inLanguage":"fr-FR"}]}},"_links":{"self":[{"href":"https:\/\/www.formation4you.com\/fr\/wp-json\/wp\/v2\/pages\/2228","targetHints":{"allow":["GET"]}}],"collection":[{"href":"https:\/\/www.formation4you.com\/fr\/wp-json\/wp\/v2\/pages"}],"about":[{"href":"https:\/\/www.formation4you.com\/fr\/wp-json\/wp\/v2\/types\/page"}],"author":[{"embeddable":true,"href":"https:\/\/www.formation4you.com\/fr\/wp-json\/wp\/v2\/users\/2"}],"replies":[{"embeddable":true,"href":"https:\/\/www.formation4you.com\/fr\/wp-json\/wp\/v2\/comments?post=2228"}],"version-history":[{"count":10,"href":"https:\/\/www.formation4you.com\/fr\/wp-json\/wp\/v2\/pages\/2228\/revisions"}],"predecessor-version":[{"id":2370,"href":"https:\/\/www.formation4you.com\/fr\/wp-json\/wp\/v2\/pages\/2228\/revisions\/2370"}],"wp:attachment":[{"href":"https:\/\/www.formation4you.com\/fr\/wp-json\/wp\/v2\/media?parent=2228"}],"curies":[{"name":"wp","href":"https:\/\/api.w.org\/{rel}","templated":true}]}}