{"id":2018,"date":"2025-03-03T16:56:59","date_gmt":"2025-03-03T16:56:59","guid":{"rendered":"https:\/\/dev.formation4you.com\/mentions-legales\/"},"modified":"2025-06-06T10:04:04","modified_gmt":"2025-06-06T10:04:04","slug":"mentions-legales","status":"publish","type":"page","link":"https:\/\/www.formation4you.com\/fr\/mentions-legales\/","title":{"rendered":"Mentions l\u00e9gales"},"content":{"rendered":"<p>[et_pb_section fb_built=\u00a0\u00bb1&Prime; _builder_version=\u00a0\u00bb4.27.4&Prime; _module_preset=\u00a0\u00bbdefault\u00a0\u00bb global_colors_info=\u00a0\u00bb{}\u00a0\u00bb][et_pb_row _builder_version=\u00a0\u00bb4.27.4&Prime; _module_preset=\u00a0\u00bbdefault\u00a0\u00bb global_colors_info=\u00a0\u00bb{}\u00a0\u00bb][et_pb_column type=\u00a0\u00bb4_4&Prime; _builder_version=\u00a0\u00bb4.27.4&Prime; _module_preset=\u00a0\u00bbdefault\u00a0\u00bb global_colors_info=\u00a0\u00bb{}\u00a0\u00bb][et_pb_text _builder_version=\u00a0\u00bb4.27.4&Prime; text_font=\u00a0\u00bb||||||||\u00a0\u00bb header_font=\u00a0\u00bb||||||||\u00a0\u00bb header_2_font=\u00a0\u00bb|600|||||||\u00a0\u00bb header_2_font_size=\u00a0\u00bb33px\u00a0\u00bb header_2_line_height=\u00a0\u00bb1.2em\u00a0\u00bb module_alignment=\u00a0\u00bbcenter\u00a0\u00bb custom_margin=\u00a0\u00bb|||\u00a0\u00bb custom_padding=\u00a0\u00bb|||\u00a0\u00bb hover_enabled=\u00a0\u00bb0&Prime; header_2_font_size_tablet=\u00a0\u00bb\u00a0\u00bb header_2_font_size_phone=\u00a0\u00bb24px\u00a0\u00bb header_2_font_size_last_edited=\u00a0\u00bbon|phone\u00a0\u00bb locked=\u00a0\u00bboff\u00a0\u00bb global_colors_info=\u00a0\u00bb{}\u00a0\u00bb sticky_enabled=\u00a0\u00bb0&Prime;]<\/p>\n<h2>Mentions l\u00e9gales<\/h2>\n<p>[\/et_pb_text][\/et_pb_column][\/et_pb_row][et_pb_row _builder_version=\u00a0\u00bb4.27.4&Prime; _module_preset=\u00a0\u00bbdefault\u00a0\u00bb global_colors_info=\u00a0\u00bb{}\u00a0\u00bb][et_pb_column type=\u00a0\u00bb4_4&Prime; _builder_version=\u00a0\u00bb4.27.4&Prime; _module_preset=\u00a0\u00bbdefault\u00a0\u00bb global_colors_info=\u00a0\u00bb{}\u00a0\u00bb][et_pb_text _builder_version=\u00a0\u00bb4.27.4&Prime; text_font=\u00a0\u00bb||||||||\u00a0\u00bb custom_padding=\u00a0\u00bb|||\u00a0\u00bb custom_padding_tablet=\u00a0\u00bb|40px||40px||true\u00a0\u00bb custom_padding_last_edited=\u00a0\u00bboff|desktop\u00a0\u00bb hover_enabled=\u00a0\u00bb0&Prime; global_colors_info=\u00a0\u00bb{}\u00a0\u00bb sticky_enabled=\u00a0\u00bb0&Prime;]<\/p>\n<h3><strong>Formation4You<\/strong><\/h3>\n<p><strong>Succursale Suisse :<\/strong><\/p>\n<p>Formation4You GmbH<strong><br \/><\/strong>Dorfstrasse 44<br \/>CH-8309 N\u00fcrensdorf<br \/>T\u00e9l. :<tcxspan tcxhref=\"+41764632921\" title=\"Appel +41 76 463 29 21 via 3CX\"><span> <\/span>+41<\/tcxspan>76 463 29 21<br \/>E-mail : office@formation4you.com<\/p>\n<p>Num\u00e9ro UID : CHE-229.994.990<br \/>Num\u00e9ro du registre du commerce : CHE-229.994.990<br \/>Tribunal du registre du commerce : canton de Zurich<\/p>\n<hr>\n<p><strong>Succursale Autrichienne :<\/strong><\/p>\n<p>Formation4You KG<br \/>Wiener Strasse 12\/4<br \/>AT-3002 Purkersdorf<br \/>T\u00e9l. :<tcxspan tcxhref=\"+43223161739\" title=\"Appel +43 2231 61739 via 3CX\"><span> <\/span>+43<\/tcxspan>2231 61739<br \/>E-mail : office_at@formation4you.com<\/p>\n<p>Identification d&rsquo;entreprise : ATU66407355<br \/>Registre du commerce : FN360700t<br \/>Tribunal du registre du commerce : Purkersdorf<\/p>\n<hr>\n<p>Objet de l&rsquo;entreprise :<br \/>conseil en gestion, organisation et mise en \u0153uvre de mesures de formation.<\/p>\n<hr>\n<p>Responsable du contenu : Hubert Ortner, CEO<br \/>Administration et r\u00e9daction du site web : Barbara L\u00f6tscher<\/p>\n<hr>\n<h4><strong>Clause de non-responsabilit\u00e9<\/strong><\/h4>\n<p>Le contenu de ce site web a \u00e9t\u00e9 \u00e9labor\u00e9 avec le plus grand soin. L&rsquo;auteur n&rsquo;assume aucune responsabilit\u00e9 quant \u00e0 l&rsquo;exactitude, la pr\u00e9cision, l&rsquo;actualit\u00e9, la fiabilit\u00e9 et l&rsquo;exhaustivit\u00e9 du contenu des informations. L&rsquo;auteur ne saurait \u00eatre tenu pour responsable des dommages mat\u00e9riels ou immat\u00e9riels qui pourraient \u00eatre caus\u00e9s par l&rsquo;acc\u00e8s aux informations diffus\u00e9es ou par leur utilisation ou non-utilisation, par le mauvais usage de la connexion ou par des probl\u00e8mes techniques.<br \/>Toutes les offres sont sans engagement. L&rsquo;auteur se r\u00e9serve express\u00e9ment le droit de modifier, de compl\u00e9ter ou de supprimer des parties de pages ou l&rsquo;ensemble de l&rsquo;offre sans avis pr\u00e9alable, ou d&rsquo;en suspendre temporairement ou d\u00e9finitivement la publication.   <\/p>\n<h4><strong>Responsabilit\u00e9 pour les liens vers des sites web de tiers<\/strong><\/h4>\n<p>Les renvois et les liens vers des sites web de tiers ne rel\u00e8vent pas de la responsabilit\u00e9 de l&rsquo;auteur et toute responsabilit\u00e9 pour de tels sites web est donc rejet\u00e9e. Les pages li\u00e9es ont \u00e9t\u00e9 v\u00e9rifi\u00e9es au moment de la cr\u00e9ation du lien afin de s&rsquo;assurer qu&rsquo;elles n&rsquo;enfreignaient pas la loi. Aucun contenu ill\u00e9gal n&rsquo;a \u00e9t\u00e9 identifi\u00e9 au moment de la cr\u00e9ation des liens. Un contr\u00f4le permanent du contenu des pages li\u00e9es n&rsquo;est cependant pas exigible sans indices concrets d&rsquo;une violation de la loi. L&rsquo;acc\u00e8s \u00e0 ces sites et leur utilisation se font donc aux risques et p\u00e9rils de l&rsquo;utilisateur. Si l&rsquo;un des sites li\u00e9s pr\u00e9sente des contenus douteux ou ill\u00e9gaux, nous vous prions de nous en informer. Dans ce cas, le lien sera imm\u00e9diatement supprim\u00e9.      <\/p>\n<h4><strong>Droits d&rsquo;auteur<\/strong><\/h4>\n<p>&nbsp;<\/p>\n<p>Les droits d&rsquo;auteur et tous les autres droits li\u00e9s aux contenus, images, photos ou autres fichiers pr\u00e9sents sur le site sont la propri\u00e9t\u00e9 exclusive de Formation4You GmbH ou de Formation4You KG ou des titulaires de droits sp\u00e9cialement cit\u00e9s. L&rsquo;autorisation \u00e9crite des d\u00e9tenteurs des droits d&rsquo;auteur doit \u00eatre obtenue au pr\u00e9alable pour la reproduction de tout \u00e9l\u00e9ment. <\/p>\n<p>[\/et_pb_text][\/et_pb_column][\/et_pb_row][\/et_pb_section][et_pb_section fb_built=\u00a0\u00bb1&Prime; prev_background_color=\u00a0\u00bb#ffffff\u00a0\u00bb _builder_version=\u00a0\u00bb4.27.4&Prime; _module_preset=\u00a0\u00bbdefault\u00a0\u00bb background_color=\u00a0\u00bb#055099&Prime; custom_padding=\u00a0\u00bb10px||10px||true|false\u00a0\u00bb top_divider_style=\u00a0\u00bbwave2&Prime; top_divider_height=\u00a0\u00bb65px\u00a0\u00bb box_shadow_style=\u00a0\u00bbpreset7&Prime; box_shadow_horizontal=\u00a0\u00bb0px\u00a0\u00bb box_shadow_vertical=\u00a0\u00bb18px\u00a0\u00bb box_shadow_color=\u00a0\u00bbrgba(19,167,157,0.89)\u00a0\u00bb global_module=\u00a0\u00bb676&Prime; saved_tabs=\u00a0\u00bball\u00a0\u00bb global_colors_info=\u00a0\u00bb{}\u00a0\u00bb][et_pb_row _builder_version=\u00a0\u00bb4.27.4&Prime; background_enable_color=\u00a0\u00bboff\u00a0\u00bb custom_margin=\u00a0\u00bb|||\u00a0\u00bb custom_padding=\u00a0\u00bb0px||0px||true\u00a0\u00bb animation_style=\u00a0\u00bbslide\u00a0\u00bb animation_direction=\u00a0\u00bbtop\u00a0\u00bb animation_intensity_slide=\u00a0\u00bb10%\u00a0\u00bb global_colors_info=\u00a0\u00bb{}\u00a0\u00bb][et_pb_column type=\u00a0\u00bb4_4&Prime; _builder_version=\u00a0\u00bb4.16&Prime; custom_padding=\u00a0\u00bb|||\u00a0\u00bb global_colors_info=\u00a0\u00bb{}\u00a0\u00bb custom_padding__hover=\u00a0\u00bb|||\u00a0\u00bb][et_pb_social_media_follow _builder_version=\u00a0\u00bb4.27.4&Prime; text_orientation=\u00a0\u00bbcenter\u00a0\u00bb custom_padding=\u00a0\u00bb50px||0px||false|false\u00a0\u00bb locked=\u00a0\u00bboff\u00a0\u00bb global_colors_info=\u00a0\u00bb{}\u00a0\u00bb][et_pb_social_media_follow_network social_network=\u00a0\u00bbfacebook\u00a0\u00bb _builder_version=\u00a0\u00bb4.16&Prime; custom_padding=\u00a0\u00bb|10px||10px||true\u00a0\u00bb global_colors_info=\u00a0\u00bb{}\u00a0\u00bb follow_button=\u00a0\u00bboff\u00a0\u00bb url_new_window=\u00a0\u00bbon\u00a0\u00bb]facebook[\/et_pb_social_media_follow_network][et_pb_social_media_follow_network social_network=\u00a0\u00bbtwitter\u00a0\u00bb _builder_version=\u00a0\u00bb4.16&Prime; custom_padding=\u00a0\u00bb|10px||10px||true\u00a0\u00bb global_colors_info=\u00a0\u00bb{}\u00a0\u00bb follow_button=\u00a0\u00bboff\u00a0\u00bb url_new_window=\u00a0\u00bbon\u00a0\u00bb]twitter[\/et_pb_social_media_follow_network][et_pb_social_media_follow_network social_network=\u00a0\u00bblinkedin\u00a0\u00bb _builder_version=\u00a0\u00bb4.16&Prime; custom_padding=\u00a0\u00bb|10px||10px||true\u00a0\u00bb global_colors_info=\u00a0\u00bb{}\u00a0\u00bb follow_button=\u00a0\u00bboff\u00a0\u00bb url_new_window=\u00a0\u00bbon\u00a0\u00bb]linkedin[\/et_pb_social_media_follow_network][\/et_pb_social_media_follow][\/et_pb_column][\/et_pb_row][\/et_pb_section]<\/p>\n","protected":false},"excerpt":{"rendered":"<p>Mentions l\u00e9galesFormation4You Succursale Suisse : Formation4You GmbHDorfstrasse 44CH-8309 N\u00fcrensdorfT\u00e9l. : +4176 463 29 21E-mail : office@formation4you.com Num\u00e9ro UID : CHE-229.994.990Num\u00e9ro du registre du commerce : CHE-229.994.990Tribunal du registre du commerce : canton de Zurich Succursale Autrichienne : Formation4You KGWiener Strasse 12\/4AT-3002 PurkersdorfT\u00e9l. : +432231 61739E-mail : office_at@formation4you.com Identification d&rsquo;entreprise : ATU66407355Registre du commerce : FN360700tTribunal [&hellip;]<\/p>\n","protected":false},"author":2,"featured_media":0,"parent":0,"menu_order":0,"comment_status":"closed","ping_status":"closed","template":"","meta":{"_acf_changed":false,"_et_pb_use_builder":"on","_et_pb_old_content":"","_et_gb_content_width":"","footnotes":""},"class_list":["post-2018","page","type-page","status-publish","hentry"],"acf":[],"yoast_head":"<!-- This site is optimized with the Yoast SEO plugin v27.4 - https:\/\/yoast.com\/product\/yoast-seo-wordpress\/ -->\n<title>Mentions l\u00e9gales - Formation4you<\/title>\n<meta name=\"robots\" content=\"noindex, nofollow\" \/>\n<meta property=\"og:locale\" content=\"fr_FR\" \/>\n<meta property=\"og:type\" content=\"article\" \/>\n<meta property=\"og:title\" content=\"Mentions l\u00e9gales - Formation4you\" \/>\n<meta property=\"og:description\" content=\"Mentions l\u00e9galesFormation4You Succursale Suisse : Formation4You GmbHDorfstrasse 44CH-8309 N\u00fcrensdorfT\u00e9l. : +4176 463 29 21E-mail : office@formation4you.com Num\u00e9ro UID : CHE-229.994.990Num\u00e9ro du registre du commerce : CHE-229.994.990Tribunal du registre du commerce : canton de Zurich Succursale Autrichienne : Formation4You KGWiener Strasse 12\/4AT-3002 PurkersdorfT\u00e9l. : +432231 61739E-mail : office_at@formation4you.com Identification d&#039;entreprise : ATU66407355Registre du commerce : FN360700tTribunal [&hellip;]\" \/>\n<meta property=\"og:url\" content=\"https:\/\/www.formation4you.com\/fr\/mentions-legales\/\" \/>\n<meta property=\"og:site_name\" content=\"Formation4you\" \/>\n<meta property=\"article:modified_time\" content=\"2025-06-06T10:04:04+00:00\" \/>\n<meta name=\"twitter:card\" content=\"summary_large_image\" \/>\n<meta name=\"twitter:label1\" content=\"Dur\u00e9e de lecture estim\u00e9e\" \/>\n\t<meta name=\"twitter:data1\" content=\"4 minutes\" \/>\n<script type=\"application\/ld+json\" class=\"yoast-schema-graph\">{\"@context\":\"https:\\\/\\\/schema.org\",\"@graph\":[{\"@type\":\"WebPage\",\"@id\":\"https:\\\/\\\/www.formation4you.com\\\/fr\\\/mentions-legales\\\/\",\"url\":\"https:\\\/\\\/www.formation4you.com\\\/fr\\\/mentions-legales\\\/\",\"name\":\"Mentions l\u00e9gales - Formation4you\",\"isPartOf\":{\"@id\":\"https:\\\/\\\/www.formation4you.com\\\/fr\\\/#website\"},\"datePublished\":\"2025-03-03T16:56:59+00:00\",\"dateModified\":\"2025-06-06T10:04:04+00:00\",\"breadcrumb\":{\"@id\":\"https:\\\/\\\/www.formation4you.com\\\/fr\\\/mentions-legales\\\/#breadcrumb\"},\"inLanguage\":\"fr-FR\",\"potentialAction\":[{\"@type\":\"ReadAction\",\"target\":[\"https:\\\/\\\/www.formation4you.com\\\/fr\\\/mentions-legales\\\/\"]}]},{\"@type\":\"BreadcrumbList\",\"@id\":\"https:\\\/\\\/www.formation4you.com\\\/fr\\\/mentions-legales\\\/#breadcrumb\",\"itemListElement\":[{\"@type\":\"ListItem\",\"position\":1,\"name\":\"Startseite\",\"item\":\"https:\\\/\\\/www.formation4you.com\\\/fr\\\/performance4you\\\/\"},{\"@type\":\"ListItem\",\"position\":2,\"name\":\"Mentions l\u00e9gales\"}]},{\"@type\":\"WebSite\",\"@id\":\"https:\\\/\\\/www.formation4you.com\\\/fr\\\/#website\",\"url\":\"https:\\\/\\\/www.formation4you.com\\\/fr\\\/\",\"name\":\"Formation4you\",\"description\":\"rofitieren Sie  von unserem Beratungs- und Weiterbildungs-Angebot\",\"potentialAction\":[{\"@type\":\"SearchAction\",\"target\":{\"@type\":\"EntryPoint\",\"urlTemplate\":\"https:\\\/\\\/www.formation4you.com\\\/fr\\\/?s={search_term_string}\"},\"query-input\":{\"@type\":\"PropertyValueSpecification\",\"valueRequired\":true,\"valueName\":\"search_term_string\"}}],\"inLanguage\":\"fr-FR\"}]}<\/script>\n<!-- \/ Yoast SEO plugin. -->","yoast_head_json":{"title":"Mentions l\u00e9gales - Formation4you","robots":{"index":"noindex","follow":"nofollow"},"og_locale":"fr_FR","og_type":"article","og_title":"Mentions l\u00e9gales - Formation4you","og_description":"Mentions l\u00e9galesFormation4You Succursale Suisse : Formation4You GmbHDorfstrasse 44CH-8309 N\u00fcrensdorfT\u00e9l. : +4176 463 29 21E-mail : office@formation4you.com Num\u00e9ro UID : CHE-229.994.990Num\u00e9ro du registre du commerce : CHE-229.994.990Tribunal du registre du commerce : canton de Zurich Succursale Autrichienne : Formation4You KGWiener Strasse 12\/4AT-3002 PurkersdorfT\u00e9l. : +432231 61739E-mail : office_at@formation4you.com Identification d'entreprise : ATU66407355Registre du commerce : FN360700tTribunal [&hellip;]","og_url":"https:\/\/www.formation4you.com\/fr\/mentions-legales\/","og_site_name":"Formation4you","article_modified_time":"2025-06-06T10:04:04+00:00","twitter_card":"summary_large_image","twitter_misc":{"Dur\u00e9e de lecture estim\u00e9e":"4 minutes"},"schema":{"@context":"https:\/\/schema.org","@graph":[{"@type":"WebPage","@id":"https:\/\/www.formation4you.com\/fr\/mentions-legales\/","url":"https:\/\/www.formation4you.com\/fr\/mentions-legales\/","name":"Mentions l\u00e9gales - Formation4you","isPartOf":{"@id":"https:\/\/www.formation4you.com\/fr\/#website"},"datePublished":"2025-03-03T16:56:59+00:00","dateModified":"2025-06-06T10:04:04+00:00","breadcrumb":{"@id":"https:\/\/www.formation4you.com\/fr\/mentions-legales\/#breadcrumb"},"inLanguage":"fr-FR","potentialAction":[{"@type":"ReadAction","target":["https:\/\/www.formation4you.com\/fr\/mentions-legales\/"]}]},{"@type":"BreadcrumbList","@id":"https:\/\/www.formation4you.com\/fr\/mentions-legales\/#breadcrumb","itemListElement":[{"@type":"ListItem","position":1,"name":"Startseite","item":"https:\/\/www.formation4you.com\/fr\/performance4you\/"},{"@type":"ListItem","position":2,"name":"Mentions l\u00e9gales"}]},{"@type":"WebSite","@id":"https:\/\/www.formation4you.com\/fr\/#website","url":"https:\/\/www.formation4you.com\/fr\/","name":"Formation4you","description":"rofitieren Sie  von unserem Beratungs- und Weiterbildungs-Angebot","potentialAction":[{"@type":"SearchAction","target":{"@type":"EntryPoint","urlTemplate":"https:\/\/www.formation4you.com\/fr\/?s={search_term_string}"},"query-input":{"@type":"PropertyValueSpecification","valueRequired":true,"valueName":"search_term_string"}}],"inLanguage":"fr-FR"}]}},"_links":{"self":[{"href":"https:\/\/www.formation4you.com\/fr\/wp-json\/wp\/v2\/pages\/2018","targetHints":{"allow":["GET"]}}],"collection":[{"href":"https:\/\/www.formation4you.com\/fr\/wp-json\/wp\/v2\/pages"}],"about":[{"href":"https:\/\/www.formation4you.com\/fr\/wp-json\/wp\/v2\/types\/page"}],"author":[{"embeddable":true,"href":"https:\/\/www.formation4you.com\/fr\/wp-json\/wp\/v2\/users\/2"}],"replies":[{"embeddable":true,"href":"https:\/\/www.formation4you.com\/fr\/wp-json\/wp\/v2\/comments?post=2018"}],"version-history":[{"count":8,"href":"https:\/\/www.formation4you.com\/fr\/wp-json\/wp\/v2\/pages\/2018\/revisions"}],"predecessor-version":[{"id":2520,"href":"https:\/\/www.formation4you.com\/fr\/wp-json\/wp\/v2\/pages\/2018\/revisions\/2520"}],"wp:attachment":[{"href":"https:\/\/www.formation4you.com\/fr\/wp-json\/wp\/v2\/media?parent=2018"}],"curies":[{"name":"wp","href":"https:\/\/api.w.org\/{rel}","templated":true}]}}